{"id":15,"date":"2021-02-25T19:11:32","date_gmt":"2021-02-25T19:11:32","guid":{"rendered":"http:\/\/jnbtc.org\/?page_id=15"},"modified":"2021-02-25T19:11:32","modified_gmt":"2021-02-25T19:11:32","slug":"terms-of-service","status":"publish","type":"page","link":"https:\/\/jnbtc.org\/pt\/terms-of-service\/","title":{"rendered":"Terms of Service"},"content":{"rendered":"","protected":false},"excerpt":{"rendered":"","protected":false},"author":2,"featured_media":0,"parent":0,"menu_order":0,"comment_status":"closed","ping_status":"closed","template":"","meta":{"footnotes":""},"class_list":["post-15","page","type-page","status-publish","hentry"],"yoast_head":"<!-- This site is optimized with the Yoast SEO plugin v26.7 - https:\/\/yoast.com\/wordpress\/plugins\/seo\/ -->\n<title>Terms of Service - Joshua Nations Online Bible Training Center<\/title>\n<meta name=\"robots\" content=\"index, follow, max-snippet:-1, max-image-preview:large, max-video-preview:-1\" \/>\n<link rel=\"canonical\" href=\"https:\/\/jnbtc.org\/pt\/terms-of-service\/\" \/>\n<meta property=\"og:locale\" content=\"pt_BR\" \/>\n<meta property=\"og:type\" content=\"article\" \/>\n<meta property=\"og:title\" content=\"Terms of Service - Joshua Nations Online Bible Training Center\" \/>\n<meta property=\"og:url\" content=\"https:\/\/jnbtc.org\/pt\/terms-of-service\/\" \/>\n<meta property=\"og:site_name\" content=\"Joshua Nations Online Bible Training Center\" \/>\n<meta name=\"twitter:card\" content=\"summary_large_image\" \/>\n<script type=\"application\/ld+json\" class=\"yoast-schema-graph\">{\"@context\":\"https:\/\/schema.org\",\"@graph\":[{\"@type\":\"WebPage\",\"@id\":\"https:\/\/jnbtc.org\/terms-of-service\/\",\"url\":\"https:\/\/jnbtc.org\/terms-of-service\/\",\"name\":\"Terms of Service - Joshua Nations Online Bible Training Center\",\"isPartOf\":{\"@id\":\"https:\/\/jnbtc.org\/#website\"},\"datePublished\":\"2021-02-25T19:11:32+00:00\",\"breadcrumb\":{\"@id\":\"https:\/\/jnbtc.org\/terms-of-service\/#breadcrumb\"},\"inLanguage\":\"pt-BR\",\"potentialAction\":[{\"@type\":\"ReadAction\",\"target\":[\"https:\/\/jnbtc.org\/terms-of-service\/\"]}]},{\"@type\":\"BreadcrumbList\",\"@id\":\"https:\/\/jnbtc.org\/terms-of-service\/#breadcrumb\",\"itemListElement\":[{\"@type\":\"ListItem\",\"position\":1,\"name\":\"Home\",\"item\":\"https:\/\/jnbtc.org\/\"},{\"@type\":\"ListItem\",\"position\":2,\"name\":\"Terms of Service\"}]},{\"@type\":\"WebSite\",\"@id\":\"https:\/\/jnbtc.org\/#website\",\"url\":\"https:\/\/jnbtc.org\/\",\"name\":\"Joshua Nations Online Bible Training Center\",\"description\":\"Training the Next Generation of Church Leaders\",\"potentialAction\":[{\"@type\":\"SearchAction\",\"target\":{\"@type\":\"EntryPoint\",\"urlTemplate\":\"https:\/\/jnbtc.org\/?s={search_term_string}\"},\"query-input\":{\"@type\":\"PropertyValueSpecification\",\"valueRequired\":true,\"valueName\":\"search_term_string\"}}],\"inLanguage\":\"pt-BR\"}]}<\/script>\n<!-- \/ Yoast SEO plugin. -->","yoast_head_json":{"title":"Terms of Service - Joshua Nations Online Bible Training Center","robots":{"index":"index","follow":"follow","max-snippet":"max-snippet:-1","max-image-preview":"max-image-preview:large","max-video-preview":"max-video-preview:-1"},"canonical":"https:\/\/jnbtc.org\/pt\/terms-of-service\/","og_locale":"pt_BR","og_type":"article","og_title":"Terms of Service - Joshua Nations Online Bible Training Center","og_url":"https:\/\/jnbtc.org\/pt\/terms-of-service\/","og_site_name":"Joshua Nations Online Bible Training Center","twitter_card":"summary_large_image","schema":{"@context":"https:\/\/schema.org","@graph":[{"@type":"WebPage","@id":"https:\/\/jnbtc.org\/terms-of-service\/","url":"https:\/\/jnbtc.org\/terms-of-service\/","name":"Terms of Service - Joshua Nations Online Bible Training Center","isPartOf":{"@id":"https:\/\/jnbtc.org\/#website"},"datePublished":"2021-02-25T19:11:32+00:00","breadcrumb":{"@id":"https:\/\/jnbtc.org\/terms-of-service\/#breadcrumb"},"inLanguage":"pt-BR","potentialAction":[{"@type":"ReadAction","target":["https:\/\/jnbtc.org\/terms-of-service\/"]}]},{"@type":"BreadcrumbList","@id":"https:\/\/jnbtc.org\/terms-of-service\/#breadcrumb","itemListElement":[{"@type":"ListItem","position":1,"name":"Home","item":"https:\/\/jnbtc.org\/"},{"@type":"ListItem","position":2,"name":"Terms of Service"}]},{"@type":"WebSite","@id":"https:\/\/jnbtc.org\/#website","url":"https:\/\/jnbtc.org\/","name":"Centro de Treinamento B\u00edblico Online Josu\u00e9 \u00e0s Na\u00e7\u00f5es","description":"Training the Next Generation of Church Leaders","potentialAction":[{"@type":"SearchAction","target":{"@type":"EntryPoint","urlTemplate":"https:\/\/jnbtc.org\/?s={search_term_string}"},"query-input":{"@type":"PropertyValueSpecification","valueRequired":true,"valueName":"search_term_string"}}],"inLanguage":"pt-BR"}]}},"_links":{"self":[{"href":"https:\/\/jnbtc.org\/pt\/wp-json\/wp\/v2\/pages\/15","targetHints":{"allow":["GET"]}}],"collection":[{"href":"https:\/\/jnbtc.org\/pt\/wp-json\/wp\/v2\/pages"}],"about":[{"href":"https:\/\/jnbtc.org\/pt\/wp-json\/wp\/v2\/types\/page"}],"author":[{"embeddable":true,"href":"https:\/\/jnbtc.org\/pt\/wp-json\/wp\/v2\/users\/2"}],"replies":[{"embeddable":true,"href":"https:\/\/jnbtc.org\/pt\/wp-json\/wp\/v2\/comments?post=15"}],"version-history":[{"count":0,"href":"https:\/\/jnbtc.org\/pt\/wp-json\/wp\/v2\/pages\/15\/revisions"}],"wp:attachment":[{"href":"https:\/\/jnbtc.org\/pt\/wp-json\/wp\/v2\/media?parent=15"}],"curies":[{"name":"wp","href":"https:\/\/api.w.org\/{rel}","templated":true}]}}