{"id":2756,"date":"2021-11-19T22:47:51","date_gmt":"2021-11-19T22:47:51","guid":{"rendered":"https:\/\/jnbtc.org\/?page_id=2756"},"modified":"2021-11-19T22:48:22","modified_gmt":"2021-11-19T22:48:22","slug":"other-courses","status":"publish","type":"page","link":"https:\/\/jnbtc.org\/pt\/other-courses\/","title":{"rendered":"Outros Cursos"},"content":{"rendered":"<div class=\"learndash-wrap\"><div id=\"ld-course-list-content-078e68272401f1af05355989037c5c97\" class=\"ld-course-list-content\" data-shortcode-atts=\"{&quot;orderby&quot;:&quot;title&quot;,&quot;order&quot;:&quot;ASC&quot;,&quot;course_category_name&quot;:&quot;Other&quot;,&quot;progress_bar&quot;:&quot;true&quot;,&quot;course_grid&quot;:&quot;true&quot;}\">\n\t\t\t<div class=\"ld-course-list-items row\">\n\t\t<\/div>\n\t\t\t<\/div>\n\t\t<\/div>","protected":false},"excerpt":{"rendered":"","protected":false},"author":5,"featured_media":0,"parent":0,"menu_order":0,"comment_status":"closed","ping_status":"closed","template":"","meta":{"footnotes":""},"class_list":["post-2756","page","type-page","status-publish","hentry"],"yoast_head":"<!-- This site is optimized with the Yoast SEO plugin v26.7 - https:\/\/yoast.com\/wordpress\/plugins\/seo\/ -->\n<title>Other Courses - Joshua Nations Online Bible Training Center<\/title>\n<meta name=\"robots\" content=\"index, follow, max-snippet:-1, max-image-preview:large, max-video-preview:-1\" \/>\n<link rel=\"canonical\" href=\"https:\/\/jnbtc.org\/pt\/other-courses\/\" \/>\n<meta property=\"og:locale\" content=\"pt_BR\" \/>\n<meta property=\"og:type\" content=\"article\" \/>\n<meta property=\"og:title\" content=\"Other Courses - Joshua Nations Online Bible Training Center\" \/>\n<meta property=\"og:url\" content=\"https:\/\/jnbtc.org\/pt\/other-courses\/\" \/>\n<meta property=\"og:site_name\" content=\"Joshua Nations Online Bible Training Center\" \/>\n<meta property=\"article:modified_time\" content=\"2021-11-19T22:48:22+00:00\" \/>\n<meta name=\"twitter:card\" content=\"summary_large_image\" \/>\n<script type=\"application\/ld+json\" class=\"yoast-schema-graph\">{\"@context\":\"https:\/\/schema.org\",\"@graph\":[{\"@type\":\"WebPage\",\"@id\":\"https:\/\/jnbtc.org\/other-courses\/\",\"url\":\"https:\/\/jnbtc.org\/other-courses\/\",\"name\":\"Other Courses - Joshua Nations Online Bible Training Center\",\"isPartOf\":{\"@id\":\"https:\/\/jnbtc.org\/#website\"},\"datePublished\":\"2021-11-19T22:47:51+00:00\",\"dateModified\":\"2021-11-19T22:48:22+00:00\",\"breadcrumb\":{\"@id\":\"https:\/\/jnbtc.org\/other-courses\/#breadcrumb\"},\"inLanguage\":\"pt-BR\",\"potentialAction\":[{\"@type\":\"ReadAction\",\"target\":[\"https:\/\/jnbtc.org\/other-courses\/\"]}]},{\"@type\":\"BreadcrumbList\",\"@id\":\"https:\/\/jnbtc.org\/other-courses\/#breadcrumb\",\"itemListElement\":[{\"@type\":\"ListItem\",\"position\":1,\"name\":\"Home\",\"item\":\"https:\/\/jnbtc.org\/\"},{\"@type\":\"ListItem\",\"position\":2,\"name\":\"Other Courses\"}]},{\"@type\":\"WebSite\",\"@id\":\"https:\/\/jnbtc.org\/#website\",\"url\":\"https:\/\/jnbtc.org\/\",\"name\":\"Joshua Nations Online Bible Training Center\",\"description\":\"Training the Next Generation of Church Leaders\",\"potentialAction\":[{\"@type\":\"SearchAction\",\"target\":{\"@type\":\"EntryPoint\",\"urlTemplate\":\"https:\/\/jnbtc.org\/?s={search_term_string}\"},\"query-input\":{\"@type\":\"PropertyValueSpecification\",\"valueRequired\":true,\"valueName\":\"search_term_string\"}}],\"inLanguage\":\"pt-BR\"}]}<\/script>\n<!-- \/ Yoast SEO plugin. -->","yoast_head_json":{"title":"Other Courses - Joshua Nations Online Bible Training Center","robots":{"index":"index","follow":"follow","max-snippet":"max-snippet:-1","max-image-preview":"max-image-preview:large","max-video-preview":"max-video-preview:-1"},"canonical":"https:\/\/jnbtc.org\/pt\/other-courses\/","og_locale":"pt_BR","og_type":"article","og_title":"Other Courses - Joshua Nations Online Bible Training Center","og_url":"https:\/\/jnbtc.org\/pt\/other-courses\/","og_site_name":"Joshua Nations Online Bible Training Center","article_modified_time":"2021-11-19T22:48:22+00:00","twitter_card":"summary_large_image","schema":{"@context":"https:\/\/schema.org","@graph":[{"@type":"WebPage","@id":"https:\/\/jnbtc.org\/other-courses\/","url":"https:\/\/jnbtc.org\/other-courses\/","name":"Other Courses - Joshua Nations Online Bible Training Center","isPartOf":{"@id":"https:\/\/jnbtc.org\/#website"},"datePublished":"2021-11-19T22:47:51+00:00","dateModified":"2021-11-19T22:48:22+00:00","breadcrumb":{"@id":"https:\/\/jnbtc.org\/other-courses\/#breadcrumb"},"inLanguage":"pt-BR","potentialAction":[{"@type":"ReadAction","target":["https:\/\/jnbtc.org\/other-courses\/"]}]},{"@type":"BreadcrumbList","@id":"https:\/\/jnbtc.org\/other-courses\/#breadcrumb","itemListElement":[{"@type":"ListItem","position":1,"name":"Home","item":"https:\/\/jnbtc.org\/"},{"@type":"ListItem","position":2,"name":"Other Courses"}]},{"@type":"WebSite","@id":"https:\/\/jnbtc.org\/#website","url":"https:\/\/jnbtc.org\/","name":"Centro de Treinamento B\u00edblico Online Josu\u00e9 \u00e0s Na\u00e7\u00f5es","description":"Training the Next Generation of Church Leaders","potentialAction":[{"@type":"SearchAction","target":{"@type":"EntryPoint","urlTemplate":"https:\/\/jnbtc.org\/?s={search_term_string}"},"query-input":{"@type":"PropertyValueSpecification","valueRequired":true,"valueName":"search_term_string"}}],"inLanguage":"pt-BR"}]}},"_links":{"self":[{"href":"https:\/\/jnbtc.org\/pt\/wp-json\/wp\/v2\/pages\/2756","targetHints":{"allow":["GET"]}}],"collection":[{"href":"https:\/\/jnbtc.org\/pt\/wp-json\/wp\/v2\/pages"}],"about":[{"href":"https:\/\/jnbtc.org\/pt\/wp-json\/wp\/v2\/types\/page"}],"author":[{"embeddable":true,"href":"https:\/\/jnbtc.org\/pt\/wp-json\/wp\/v2\/users\/5"}],"replies":[{"embeddable":true,"href":"https:\/\/jnbtc.org\/pt\/wp-json\/wp\/v2\/comments?post=2756"}],"version-history":[{"count":2,"href":"https:\/\/jnbtc.org\/pt\/wp-json\/wp\/v2\/pages\/2756\/revisions"}],"predecessor-version":[{"id":2758,"href":"https:\/\/jnbtc.org\/pt\/wp-json\/wp\/v2\/pages\/2756\/revisions\/2758"}],"wp:attachment":[{"href":"https:\/\/jnbtc.org\/pt\/wp-json\/wp\/v2\/media?parent=2756"}],"curies":[{"name":"wp","href":"https:\/\/api.w.org\/{rel}","templated":true}]}}